{"id":37,"date":"2021-08-20T15:08:55","date_gmt":"2021-08-20T15:08:55","guid":{"rendered":"https:\/\/dev.merle-thordis.com\/?page_id=37"},"modified":"2026-04-15T14:54:33","modified_gmt":"2026-04-15T14:54:33","slug":"vita","status":"publish","type":"page","link":"https:\/\/merle-thordis.com\/englisch\/vita","title":{"rendered":"Vita"},"content":{"rendered":"<div style=\"height:3px\" aria-hidden=\"true\" class=\"wp-block-spacer tw-md-hidden tw-lg-hidden\"><\/div>\n\n\n\n<figure class=\"wp-block-image alignfull size-large tw-md-hidden tw-lg-hidden\"><img loading=\"lazy\" decoding=\"async\" width=\"1024\" height=\"683\" src=\"https:\/\/merle-thordis.com\/wp-content\/uploads\/2026\/04\/DSCF8482-1024x683.jpg\" alt=\"\" class=\"wp-image-812\" srcset=\"https:\/\/merle-thordis.com\/wp-content\/uploads\/2026\/04\/DSCF8482-1024x683.jpg 1024w, https:\/\/merle-thordis.com\/wp-content\/uploads\/2026\/04\/DSCF8482-300x200.jpg 300w, https:\/\/merle-thordis.com\/wp-content\/uploads\/2026\/04\/DSCF8482-768x512.jpg 768w, https:\/\/merle-thordis.com\/wp-content\/uploads\/2026\/04\/DSCF8482-1536x1024.jpg 1536w, https:\/\/merle-thordis.com\/wp-content\/uploads\/2026\/04\/DSCF8482-2048x1365.jpg 2048w, https:\/\/merle-thordis.com\/wp-content\/uploads\/2026\/04\/DSCF8482-18x12.jpg 18w, https:\/\/merle-thordis.com\/wp-content\/uploads\/2026\/04\/DSCF8482-1568x1045.jpg 1568w\" sizes=\"auto, (max-width: 1024px) 100vw, 1024px\" \/><\/figure>\n\n\n\n<div class=\"wp-block-group alignfull is-nowrap is-layout-flex wp-container-core-group-is-layout-6c531013 wp-block-group-is-layout-flex\">\n<div class=\"wp-block-group alignfull\"><div class=\"wp-block-group__inner-container is-layout-flow wp-block-group-is-layout-flow\">\n<p class=\"has-text-align-left tw-text-wide\" style=\"padding-right:var(--wp--preset--spacing--30);padding-left:var(--wp--preset--spacing--30)\">Merle Thordis enlivens the interdisciplinary field of music and movement and works as a freelance artist in the field of dance, music\/vocal, performance, choreography and pedagogy. They studied eurhythmics\/music and movement (B.A.) at the University of the Arts Berlin and at the Academy of Music and Dance in Jerusalem. Since 2024, Merle has been studying Jazz vocals at the Institute of Music in Osnabr\u00fcck. <br>Since 1998 Merle has been performing dance, music, in theater video projects. <br>In collaboration with other international artists they regularly develops creations in the transdisciplinary field of music\/sound, speech, dance, and video with respect to  cultural, sociological and political topics.<\/p>\n\n\n\n<p class=\"has-text-align-left tw-text-wide\" style=\"padding-right:var(--wp--preset--spacing--30);padding-left:var(--wp--preset--spacing--30);font-size:16px\"><em>*Using they\/them pronouns refers to the choice of being called \u201cthey\u201d instead of \u201che\u201d or \u201cshe\u201d\nand \u201cthem\u201d instead of \u201cher\u201d or \u201chim.\u201d<br>They\/them\/theirs is a gender-neutral pronoun.<\/em><\/p>\n<\/div><\/div>\n\n\n\n<div class=\"wp-block-columns is-layout-flex wp-container-core-columns-is-layout-d0b3c9c8 wp-block-columns-is-layout-flex\">\n<div class=\"wp-block-column is-layout-flow wp-block-column-is-layout-flow\" style=\"--col-width:100%;flex-basis:100%\"><\/div>\n<\/div>\n\n\n\n<figure class=\"wp-block-image alignfull size-large tw-sm-hidden\"><img loading=\"lazy\" decoding=\"async\" width=\"1024\" height=\"683\" src=\"https:\/\/merle-thordis.com\/wp-content\/uploads\/2026\/04\/DSCF8482-1024x683.jpg\" alt=\"\" class=\"wp-image-812\" srcset=\"https:\/\/merle-thordis.com\/wp-content\/uploads\/2026\/04\/DSCF8482-1024x683.jpg 1024w, https:\/\/merle-thordis.com\/wp-content\/uploads\/2026\/04\/DSCF8482-300x200.jpg 300w, https:\/\/merle-thordis.com\/wp-content\/uploads\/2026\/04\/DSCF8482-768x512.jpg 768w, https:\/\/merle-thordis.com\/wp-content\/uploads\/2026\/04\/DSCF8482-1536x1024.jpg 1536w, https:\/\/merle-thordis.com\/wp-content\/uploads\/2026\/04\/DSCF8482-2048x1365.jpg 2048w, https:\/\/merle-thordis.com\/wp-content\/uploads\/2026\/04\/DSCF8482-18x12.jpg 18w, https:\/\/merle-thordis.com\/wp-content\/uploads\/2026\/04\/DSCF8482-1568x1045.jpg 1568w\" sizes=\"auto, (max-width: 1024px) 100vw, 1024px\" \/><\/figure>\n<\/div>\n\n\n\n<div class=\"wp-block-group alignfull\"><div class=\"wp-block-group__inner-container is-layout-flow wp-block-group-is-layout-flow\">\n<div class=\"wp-block-buttons is-horizontal is-content-justification-center is-layout-flex wp-container-core-buttons-is-layout-03627597 wp-block-buttons-is-layout-flex\">\n<div class=\"wp-block-button is-style-outline is-style-outline--1\"><a class=\"wp-block-button__link wp-element-button\" href=\"https:\/\/merle-thordis.com\/englisch\/kontakt\/\">Get in touch now<\/a><\/div>\n<\/div>\n<\/div><\/div>","protected":false},"excerpt":{"rendered":"<p>Merle Thordis belebt das postdisziplin\u00e4re Feld von Musik und Bewegung und arbeitet als freie Kunstschaffende im Bereich Tanz, Musik\/Gesang, Performance, Choreografie und P\u00e4dagogik. Merle studierte Musik und Bewegung\/Rhythmik an der Universit\u00e4t der K\u00fcnste Berlin und an der Akademie f\u00fcr Musik und Tanz in Jerusalem. Seit 2024 studiert Merle Jazz Gesang am Institut f\u00fcr Musik Osnabr\u00fcck.&hellip; <a class=\"more-link\" href=\"https:\/\/merle-thordis.com\/englisch\/vita\">Continue reading <span class=\"screen-reader-text\">Vita<\/span><\/a><\/p>","protected":false},"author":1,"featured_media":0,"parent":0,"menu_order":0,"comment_status":"closed","ping_status":"closed","template":"tw-header-transparent-light.php","meta":{"footnotes":""},"class_list":["post-37","page","type-page","status-publish","hentry","entry"],"_links":{"self":[{"href":"https:\/\/merle-thordis.com\/englisch\/wp-json\/wp\/v2\/pages\/37","targetHints":{"allow":["GET"]}}],"collection":[{"href":"https:\/\/merle-thordis.com\/englisch\/wp-json\/wp\/v2\/pages"}],"about":[{"href":"https:\/\/merle-thordis.com\/englisch\/wp-json\/wp\/v2\/types\/page"}],"author":[{"embeddable":true,"href":"https:\/\/merle-thordis.com\/englisch\/wp-json\/wp\/v2\/users\/1"}],"replies":[{"embeddable":true,"href":"https:\/\/merle-thordis.com\/englisch\/wp-json\/wp\/v2\/comments?post=37"}],"version-history":[{"count":39,"href":"https:\/\/merle-thordis.com\/englisch\/wp-json\/wp\/v2\/pages\/37\/revisions"}],"predecessor-version":[{"id":915,"href":"https:\/\/merle-thordis.com\/englisch\/wp-json\/wp\/v2\/pages\/37\/revisions\/915"}],"wp:attachment":[{"href":"https:\/\/merle-thordis.com\/englisch\/wp-json\/wp\/v2\/media?parent=37"}],"curies":[{"name":"wp","href":"https:\/\/api.w.org\/{rel}","templated":true}]}}