{"id":39,"date":"2021-08-20T15:11:33","date_gmt":"2021-08-20T15:11:33","guid":{"rendered":"https:\/\/dev.merle-thordis.com\/?page_id=39"},"modified":"2026-04-15T15:04:32","modified_gmt":"2026-04-15T15:04:32","slug":"projekte","status":"publish","type":"page","link":"https:\/\/merle-thordis.com\/englisch\/projekte","title":{"rendered":"Projects"},"content":{"rendered":"<div class=\"wp-block-cover alignfull tw-sm-hidden tw-md-hidden tw-lg-hidden\" style=\"min-height:132px;aspect-ratio:unset;\"><span aria-hidden=\"true\" class=\"wp-block-cover__background has-background-dim-100 has-background-dim\"><\/span><div class=\"wp-block-cover__inner-container is-layout-flow wp-block-cover-is-layout-flow\">\n<h1 class=\"wp-block-heading alignwide has-text-align-center has-white-color has-text-color\" style=\"font-size:50px\">Upcoming and passed projects<\/h1>\n<\/div><\/div>\n\n\n\n<div class=\"wp-block-group alignfull tw-md-hidden tw-lg-hidden tw-sm-hidden\"><div class=\"wp-block-group__inner-container is-layout-flow wp-block-group-is-layout-flow\">\n<p class=\"has-text-align-center tw-text-wide\">The interplay of Merle's artistic skills in a political, social context.<\/p>\n\n\n\n<p class=\"has-text-align-center tw-text-wide\">Fields of work:<br>Film\/Photography\/Installation\/Music\/Singing\/Voice\/Movement\/Acting\/Performance<\/p>\n\n\n\n<div class=\"wp-block-buttons is-horizontal is-content-justification-center is-layout-flex wp-container-core-buttons-is-layout-03627597 wp-block-buttons-is-layout-flex\">\n<div class=\"wp-block-button is-style-outline is-style-outline--1\"><a class=\"wp-block-button__link has-black-color has-white-background-color has-text-color has-background wp-element-button\" href=\"https:\/\/merle-thordis.com\/englisch\/kontakt\/\">Get in touch now<\/a><\/div>\n<\/div>\n<\/div><\/div>\n\n\n\n<div style=\"height:3px\" aria-hidden=\"true\" class=\"wp-block-spacer\"><\/div>\n\n\n\n<figure class=\"wp-block-image alignfull size-large tw-md-hidden tw-lg-hidden\"><img loading=\"lazy\" decoding=\"async\" width=\"1024\" height=\"683\" src=\"https:\/\/merle-thordis.com\/wp-content\/uploads\/2026\/04\/20-08-Merle-Falk-Tanz_26\u00a9Caroline-Prange-1024x683.jpg\" alt=\"\" class=\"wp-image-920\" srcset=\"https:\/\/merle-thordis.com\/wp-content\/uploads\/2026\/04\/20-08-Merle-Falk-Tanz_26\u00a9Caroline-Prange-1024x683.jpg 1024w, https:\/\/merle-thordis.com\/wp-content\/uploads\/2026\/04\/20-08-Merle-Falk-Tanz_26\u00a9Caroline-Prange-300x200.jpg 300w, https:\/\/merle-thordis.com\/wp-content\/uploads\/2026\/04\/20-08-Merle-Falk-Tanz_26\u00a9Caroline-Prange-768x512.jpg 768w, https:\/\/merle-thordis.com\/wp-content\/uploads\/2026\/04\/20-08-Merle-Falk-Tanz_26\u00a9Caroline-Prange-1536x1024.jpg 1536w, https:\/\/merle-thordis.com\/wp-content\/uploads\/2026\/04\/20-08-Merle-Falk-Tanz_26\u00a9Caroline-Prange-2048x1365.jpg 2048w, https:\/\/merle-thordis.com\/wp-content\/uploads\/2026\/04\/20-08-Merle-Falk-Tanz_26\u00a9Caroline-Prange-18x12.jpg 18w, https:\/\/merle-thordis.com\/wp-content\/uploads\/2026\/04\/20-08-Merle-Falk-Tanz_26\u00a9Caroline-Prange-1568x1045.jpg 1568w\" sizes=\"auto, (max-width: 1024px) 100vw, 1024px\" \/><\/figure>\n\n\n\n<div class=\"wp-block-group alignwide is-style-default is-nowrap is-layout-flex wp-container-core-group-is-layout-6c531013 wp-block-group-is-layout-flex\">\n<div class=\"wp-block-group\"><div class=\"wp-block-group__inner-container is-layout-constrained wp-block-group-is-layout-constrained\">\n<h2 class=\"wp-block-heading has-text-align-left\"><\/h2>\n\n\n\n<p class=\"has-text-align-left\"><br>An important component of Merle Thordis\u2019 artistic work is the connection between music and movement \u2013 expression, sound, and the body. In Merle\u2019s performances, voice, rhythm, and space merge into vivid images that touch on both the personal and the political.\nMerle performs regularly both solo and in groups, develops their own concepts, and composes pieces in which they engages with social and political themes. In doing so, they create works that transcend the boundaries between music, dance, and visual art \u2013 performances, installations, and video projects that pose questions, open up spaces, and make emotion tangible.<\/p>\n<\/div><\/div>\n\n\n\n<figure class=\"wp-block-image size-large tw-sm-hidden\"><img loading=\"lazy\" decoding=\"async\" width=\"1024\" height=\"683\" src=\"https:\/\/merle-thordis.com\/wp-content\/uploads\/2026\/04\/20-08-Merle-Falk-Tanz_26\u00a9Caroline-Prange-1024x683.jpg\" alt=\"\" class=\"wp-image-920\" srcset=\"https:\/\/merle-thordis.com\/wp-content\/uploads\/2026\/04\/20-08-Merle-Falk-Tanz_26\u00a9Caroline-Prange-1024x683.jpg 1024w, https:\/\/merle-thordis.com\/wp-content\/uploads\/2026\/04\/20-08-Merle-Falk-Tanz_26\u00a9Caroline-Prange-300x200.jpg 300w, https:\/\/merle-thordis.com\/wp-content\/uploads\/2026\/04\/20-08-Merle-Falk-Tanz_26\u00a9Caroline-Prange-768x512.jpg 768w, https:\/\/merle-thordis.com\/wp-content\/uploads\/2026\/04\/20-08-Merle-Falk-Tanz_26\u00a9Caroline-Prange-1536x1024.jpg 1536w, https:\/\/merle-thordis.com\/wp-content\/uploads\/2026\/04\/20-08-Merle-Falk-Tanz_26\u00a9Caroline-Prange-2048x1365.jpg 2048w, https:\/\/merle-thordis.com\/wp-content\/uploads\/2026\/04\/20-08-Merle-Falk-Tanz_26\u00a9Caroline-Prange-18x12.jpg 18w, https:\/\/merle-thordis.com\/wp-content\/uploads\/2026\/04\/20-08-Merle-Falk-Tanz_26\u00a9Caroline-Prange-1568x1045.jpg 1568w\" sizes=\"auto, (max-width: 1024px) 100vw, 1024px\" \/><\/figure>\n<\/div>\n\n\n\n<figure class=\"wp-block-image alignfull size-large tw-lg-hidden tw-md-hidden\"><img loading=\"lazy\" decoding=\"async\" width=\"1024\" height=\"683\" src=\"https:\/\/merle-thordis.com\/wp-content\/uploads\/2026\/03\/image5-1024x683.jpg\" alt=\"\" class=\"wp-image-737\" srcset=\"https:\/\/merle-thordis.com\/wp-content\/uploads\/2026\/03\/image5-1024x683.jpg 1024w, https:\/\/merle-thordis.com\/wp-content\/uploads\/2026\/03\/image5-300x200.jpg 300w, https:\/\/merle-thordis.com\/wp-content\/uploads\/2026\/03\/image5-768x512.jpg 768w, https:\/\/merle-thordis.com\/wp-content\/uploads\/2026\/03\/image5-1536x1024.jpg 1536w, https:\/\/merle-thordis.com\/wp-content\/uploads\/2026\/03\/image5-18x12.jpg 18w, https:\/\/merle-thordis.com\/wp-content\/uploads\/2026\/03\/image5-1568x1046.jpg 1568w, https:\/\/merle-thordis.com\/wp-content\/uploads\/2026\/03\/image5.jpg 1999w\" sizes=\"auto, (max-width: 1024px) 100vw, 1024px\" \/><\/figure>\n\n\n\n<div class=\"wp-block-group alignwide is-style-default is-horizontal is-nowrap is-layout-flex wp-container-core-group-is-layout-edc3bc78 wp-block-group-is-layout-flex\">\n<figure class=\"wp-block-image size-large tw-sm-hidden\"><img loading=\"lazy\" decoding=\"async\" width=\"1024\" height=\"683\" src=\"https:\/\/merle-thordis.com\/wp-content\/uploads\/2026\/03\/image5-1024x683.jpg\" alt=\"\" class=\"wp-image-737\" srcset=\"https:\/\/merle-thordis.com\/wp-content\/uploads\/2026\/03\/image5-1024x683.jpg 1024w, https:\/\/merle-thordis.com\/wp-content\/uploads\/2026\/03\/image5-300x200.jpg 300w, https:\/\/merle-thordis.com\/wp-content\/uploads\/2026\/03\/image5-768x512.jpg 768w, https:\/\/merle-thordis.com\/wp-content\/uploads\/2026\/03\/image5-1536x1024.jpg 1536w, https:\/\/merle-thordis.com\/wp-content\/uploads\/2026\/03\/image5-18x12.jpg 18w, https:\/\/merle-thordis.com\/wp-content\/uploads\/2026\/03\/image5-1568x1046.jpg 1568w, https:\/\/merle-thordis.com\/wp-content\/uploads\/2026\/03\/image5.jpg 1999w\" sizes=\"auto, (max-width: 1024px) 100vw, 1024px\" \/><\/figure>\n\n\n\n<div class=\"wp-block-group\"><div class=\"wp-block-group__inner-container is-layout-constrained wp-block-group-is-layout-constrained\">\n<h2 class=\"wp-block-heading has-text-align-right\">Oona<\/h2>\n\n\n\n<p class=\"has-text-align-right\"><a href=\"https:\/\/www.instagram.com\/oona__________\/\" data-type=\"link\" data-id=\"https:\/\/www.instagram.com\/oona__________\/\" target=\"_blank\" rel=\"noreferrer noopener\">Instagram <\/a><br><br>Starting from a melancholic, yearning mood, the trio Oona ventures on a journey into the unknown, with the path lined by lyrical lines, eruptive solos, and contrapuntal passages full of unexpected twists and turns.\nThe musicians Merle Thordis (vocals), Justus Czaske (clarinets), and Noah Weber (guitar) embody a chamber music\u2013like sound that places collective interplay at its core and moves effortlessly between jazz, art song, folklore, and free improvisation.<br><br><sub>Picture: Karlo Alaska<\/sub><\/p>\n<\/div><\/div>\n<\/div>\n\n\n\n<figure class=\"wp-block-image alignfull size-large tw-lg-hidden tw-md-hidden\"><img loading=\"lazy\" decoding=\"async\" width=\"1024\" height=\"683\" src=\"https:\/\/merle-thordis.com\/wp-content\/uploads\/2026\/03\/image3-1024x683.jpg\" alt=\"\" class=\"wp-image-748\" srcset=\"https:\/\/merle-thordis.com\/wp-content\/uploads\/2026\/03\/image3-1024x683.jpg 1024w, https:\/\/merle-thordis.com\/wp-content\/uploads\/2026\/03\/image3-300x200.jpg 300w, https:\/\/merle-thordis.com\/wp-content\/uploads\/2026\/03\/image3-768x512.jpg 768w, https:\/\/merle-thordis.com\/wp-content\/uploads\/2026\/03\/image3-1536x1024.jpg 1536w, https:\/\/merle-thordis.com\/wp-content\/uploads\/2026\/03\/image3-18x12.jpg 18w, https:\/\/merle-thordis.com\/wp-content\/uploads\/2026\/03\/image3-1568x1046.jpg 1568w, https:\/\/merle-thordis.com\/wp-content\/uploads\/2026\/03\/image3.jpg 1999w\" sizes=\"auto, (max-width: 1024px) 100vw, 1024px\" \/><\/figure>\n\n\n\n<div class=\"wp-block-group alignwide is-style-default is-nowrap is-layout-flex wp-container-core-group-is-layout-6c531013 wp-block-group-is-layout-flex\">\n<div class=\"wp-block-group\"><div class=\"wp-block-group__inner-container is-layout-constrained wp-block-group-is-layout-constrained\">\n<h2 class=\"wp-block-heading has-text-align-left\">Duo Project<br>Bruno G\u00f6tze and Merle Thordis<\/h2>\n\n\n\n<p class=\"has-text-align-left\"><br>Merle Thordis and Bruno G\u00f6tze perform in their recently founded duo, presenting a repertoire of original compositions, jazz standards, and pop songs. In doing so, they explore the unique musical and improvisational possibilities that this small ensemble offers.<br>The duo is very happy to perform at occasions such as birthdays, weddings, and also funerals.<br>Merle Thordis (vocals, arrangement, composition)<br>Bruno G\u00f6tze (guitar, arrangement, composition)<br><sub>Picture: Karlo Alaska<\/sub><\/p>\n<\/div><\/div>\n\n\n\n<figure class=\"wp-block-image size-large tw-sm-hidden\"><img loading=\"lazy\" decoding=\"async\" width=\"1024\" height=\"683\" src=\"https:\/\/merle-thordis.com\/wp-content\/uploads\/2026\/03\/image3-1024x683.jpg\" alt=\"\" class=\"wp-image-748\" srcset=\"https:\/\/merle-thordis.com\/wp-content\/uploads\/2026\/03\/image3-1024x683.jpg 1024w, https:\/\/merle-thordis.com\/wp-content\/uploads\/2026\/03\/image3-300x200.jpg 300w, https:\/\/merle-thordis.com\/wp-content\/uploads\/2026\/03\/image3-768x512.jpg 768w, https:\/\/merle-thordis.com\/wp-content\/uploads\/2026\/03\/image3-1536x1024.jpg 1536w, https:\/\/merle-thordis.com\/wp-content\/uploads\/2026\/03\/image3-18x12.jpg 18w, https:\/\/merle-thordis.com\/wp-content\/uploads\/2026\/03\/image3-1568x1046.jpg 1568w, https:\/\/merle-thordis.com\/wp-content\/uploads\/2026\/03\/image3.jpg 1999w\" sizes=\"auto, (max-width: 1024px) 100vw, 1024px\" \/><\/figure>\n<\/div>\n\n\n\n<figure class=\"wp-block-image alignfull size-large tw-md-hidden tw-lg-hidden\"><img loading=\"lazy\" decoding=\"async\" width=\"853\" height=\"852\" src=\"https:\/\/merle-thordis.com\/wp-content\/uploads\/2026\/04\/image1-edited.jpg\" alt=\"\" class=\"wp-image-887\" srcset=\"https:\/\/merle-thordis.com\/wp-content\/uploads\/2026\/04\/image1-edited.jpg 853w, https:\/\/merle-thordis.com\/wp-content\/uploads\/2026\/04\/image1-edited-300x300.jpg 300w, https:\/\/merle-thordis.com\/wp-content\/uploads\/2026\/04\/image1-edited-150x150.jpg 150w, https:\/\/merle-thordis.com\/wp-content\/uploads\/2026\/04\/image1-edited-768x767.jpg 768w, https:\/\/merle-thordis.com\/wp-content\/uploads\/2026\/04\/image1-edited-12x12.jpg 12w\" sizes=\"auto, (max-width: 853px) 100vw, 853px\" \/><\/figure>\n\n\n\n<div class=\"wp-block-group alignwide is-style-default is-content-justification-center is-nowrap is-layout-flex wp-container-core-group-is-layout-23441af8 wp-block-group-is-layout-flex\">\n<figure class=\"wp-block-image size-large tw-sm-hidden\"><img loading=\"lazy\" decoding=\"async\" width=\"682\" height=\"1024\" src=\"https:\/\/merle-thordis.com\/wp-content\/uploads\/2026\/03\/image1-682x1024.jpg\" alt=\"\" class=\"wp-image-750\" srcset=\"https:\/\/merle-thordis.com\/wp-content\/uploads\/2026\/03\/image1-682x1024.jpg 682w, https:\/\/merle-thordis.com\/wp-content\/uploads\/2026\/03\/image1-200x300.jpg 200w, https:\/\/merle-thordis.com\/wp-content\/uploads\/2026\/03\/image1-768x1152.jpg 768w, https:\/\/merle-thordis.com\/wp-content\/uploads\/2026\/03\/image1-8x12.jpg 8w, https:\/\/merle-thordis.com\/wp-content\/uploads\/2026\/03\/image1.jpg 853w\" sizes=\"auto, (max-width: 682px) 100vw, 682px\" \/><\/figure>\n\n\n\n<div class=\"wp-block-group\"><div class=\"wp-block-group__inner-container is-layout-constrained wp-block-group-is-layout-constrained\">\n<h2 class=\"wp-block-heading has-text-align-left\">Pling<\/h2>\n\n\n\n<p class=\"has-text-align-left\"><a href=\"https:\/\/www.instagram.com\/pling______________\/\" data-type=\"link\" data-id=\"https:\/\/www.instagram.com\/oona__________\/\" target=\"_blank\" rel=\"noreferrer noopener\">Instagram <\/a><br><br>Loud, angular, defiant, affectionate, punk.<br>Electronic sounds \u2013 ranging from atmospheric to pulsating.<br><br><\/p>\n<\/div><\/div>\n<\/div>","protected":false},"excerpt":{"rendered":"<p>Das Zusammenspiel Merles k\u00fcnstlerischer F\u00e4higkeiten in einem politischen, gesellschaftlichen Kontext. Arbeitsfelder:Film\/Fotografie\/Installation\/Musik\/Gesang\/Stimme\/Bewegung\/Schauspiel\/Performance Ein wichtiger Bestandteil von Merle Thordis\u2019 k\u00fcnstlerischer Arbeit ist die Verbindung von Musik und Bewegung \u2013 der Ausdruck, der Klang, der K\u00f6rper. In Merles Performances verschmelzen Stimme, Rhythmus und Raum zu lebendigen Bildern, die sowohl das Pers\u00f6nliche als auch das Politische ber\u00fchren. Merle tritt&hellip; <a class=\"more-link\" href=\"https:\/\/merle-thordis.com\/englisch\/projekte\">Continue reading <span class=\"screen-reader-text\">Projects<\/span><\/a><\/p>","protected":false},"author":1,"featured_media":0,"parent":0,"menu_order":0,"comment_status":"closed","ping_status":"closed","template":"tw-header-transparent-light.php","meta":{"footnotes":""},"class_list":["post-39","page","type-page","status-publish","hentry","entry"],"_links":{"self":[{"href":"https:\/\/merle-thordis.com\/englisch\/wp-json\/wp\/v2\/pages\/39","targetHints":{"allow":["GET"]}}],"collection":[{"href":"https:\/\/merle-thordis.com\/englisch\/wp-json\/wp\/v2\/pages"}],"about":[{"href":"https:\/\/merle-thordis.com\/englisch\/wp-json\/wp\/v2\/types\/page"}],"author":[{"embeddable":true,"href":"https:\/\/merle-thordis.com\/englisch\/wp-json\/wp\/v2\/users\/1"}],"replies":[{"embeddable":true,"href":"https:\/\/merle-thordis.com\/englisch\/wp-json\/wp\/v2\/comments?post=39"}],"version-history":[{"count":95,"href":"https:\/\/merle-thordis.com\/englisch\/wp-json\/wp\/v2\/pages\/39\/revisions"}],"predecessor-version":[{"id":923,"href":"https:\/\/merle-thordis.com\/englisch\/wp-json\/wp\/v2\/pages\/39\/revisions\/923"}],"wp:attachment":[{"href":"https:\/\/merle-thordis.com\/englisch\/wp-json\/wp\/v2\/media?parent=39"}],"curies":[{"name":"wp","href":"https:\/\/api.w.org\/{rel}","templated":true}]}}