{"id":84,"date":"2021-08-20T15:56:33","date_gmt":"2021-08-20T15:56:33","guid":{"rendered":"https:\/\/dev.merle-thordis.com\/?page_id=84"},"modified":"2026-04-15T22:10:32","modified_gmt":"2026-04-15T22:10:32","slug":"elementare-musikpaedagogik","status":"publish","type":"page","link":"https:\/\/merle-thordis.com\/englisch\/elementare-musikpaedagogik","title":{"rendered":"Elementary Music Education"},"content":{"rendered":"<div class=\"wp-block-cover alignfull is-light\" style=\"min-height:177px;aspect-ratio:unset;\"><span aria-hidden=\"true\" class=\"wp-block-cover__background has-background-dim-100 has-background-dim\" style=\"background-color:#ccd0d2\"><\/span><div class=\"wp-block-cover__inner-container is-layout-flow wp-block-cover-is-layout-flow\">\n<h1 class=\"wp-block-heading alignwide has-text-align-center has-h-3-font-size\">Elementary Music Education<\/h1>\n\n\n\n<p><\/p>\n<\/div><\/div>\n\n\n\n<div class=\"wp-block-group alignfull\"><div class=\"wp-block-group__inner-container is-layout-flow wp-block-group-is-layout-flow\">\n<p class=\"has-text-align-center tw-text-wide\">Music and movements has a great importance for the development and education of a child.\nWhen working with children eurhythmics can have an impact on their personality, self-efficacy, autonomy and social behavior.\nThrough teaching music and movement children can be encouraged to have a closer look, feel and listen. <br>They can discover, understand and question the world around them by using all their senses. Hereby children need time and space to get to know themselves and their surrounding.\nChildren are provided with action-oriented experiences in which they develop a healthy basic attitude towards learning, remain eager to experiment and practice their creativity.<br>They are taught self-efficacy and -responsibility with which they can question, protect, and co-create the world.\nThe idea ist to \u201efeed\u201c them with competencies that give them a firm ground to face the world.<\/p>\n\n\n\n<p class=\"has-text-align-center tw-text-wide\">Currently Merle teaches early music education and elementary movement education at the music school Friedrichshain-Kreuzberg in Berlin.<\/p>\n\n\n\n<div class=\"wp-block-buttons is-horizontal is-content-justification-center is-layout-flex wp-container-core-buttons-is-layout-03627597 wp-block-buttons-is-layout-flex\">\n<div class=\"wp-block-button is-style-outline is-style-outline--1\"><a class=\"wp-block-button__link has-black-color has-white-background-color has-text-color has-background wp-element-button\" href=\"https:\/\/merle-thordis.com\/englisch\/kontakt\/\">Get in touch now<\/a><\/div>\n<\/div>\n<\/div><\/div>","protected":false},"excerpt":{"rendered":"<p>Musik und Bewegung haben eine gro\u00dfe Bedeutung f\u00fcr kindliche Entwicklung und Erziehung. Das Arbeiten mit Kindern im Bereich Rhythmik kann Auswirkungen auf Pers\u00f6nlichkeit, Selbstwirksamkeit, Autonomie und Sozialverhalten haben. Durch den Unterricht von Musik und Bewegung m\u00f6chte Merle Kinder dazu anregen, genau hinzusehen, hinzuf\u00fchlen und hinzuh\u00f6ren. Es geht darum, die Welt um sich herum zu entdecken,&hellip; <a class=\"more-link\" href=\"https:\/\/merle-thordis.com\/englisch\/elementare-musikpaedagogik\">Continue reading <span class=\"screen-reader-text\">Elementary Music Education<\/span><\/a><\/p>","protected":false},"author":1,"featured_media":0,"parent":0,"menu_order":0,"comment_status":"closed","ping_status":"closed","template":"tw-header-transparent-light.php","meta":{"footnotes":""},"class_list":["post-84","page","type-page","status-publish","hentry","entry"],"_links":{"self":[{"href":"https:\/\/merle-thordis.com\/englisch\/wp-json\/wp\/v2\/pages\/84","targetHints":{"allow":["GET"]}}],"collection":[{"href":"https:\/\/merle-thordis.com\/englisch\/wp-json\/wp\/v2\/pages"}],"about":[{"href":"https:\/\/merle-thordis.com\/englisch\/wp-json\/wp\/v2\/types\/page"}],"author":[{"embeddable":true,"href":"https:\/\/merle-thordis.com\/englisch\/wp-json\/wp\/v2\/users\/1"}],"replies":[{"embeddable":true,"href":"https:\/\/merle-thordis.com\/englisch\/wp-json\/wp\/v2\/comments?post=84"}],"version-history":[{"count":16,"href":"https:\/\/merle-thordis.com\/englisch\/wp-json\/wp\/v2\/pages\/84\/revisions"}],"predecessor-version":[{"id":940,"href":"https:\/\/merle-thordis.com\/englisch\/wp-json\/wp\/v2\/pages\/84\/revisions\/940"}],"wp:attachment":[{"href":"https:\/\/merle-thordis.com\/englisch\/wp-json\/wp\/v2\/media?parent=84"}],"curies":[{"name":"wp","href":"https:\/\/api.w.org\/{rel}","templated":true}]}}