{"id":88,"date":"2021-08-20T15:57:19","date_gmt":"2021-08-20T15:57:19","guid":{"rendered":"https:\/\/dev.merle-thordis.com\/?page_id=88"},"modified":"2026-04-15T22:07:31","modified_gmt":"2026-04-15T22:07:31","slug":"musik-und-bewegung","status":"publish","type":"page","link":"https:\/\/merle-thordis.com\/englisch\/musik-und-bewegung","title":{"rendered":"Music and Movement"},"content":{"rendered":"<div class=\"wp-block-cover alignfull is-light\" style=\"min-height:157px;aspect-ratio:unset;\"><span aria-hidden=\"true\" class=\"wp-block-cover__background has-background-dim-100 has-background-dim\" style=\"background-color:#ccd0d2\"><\/span><div class=\"wp-block-cover__inner-container is-layout-flow wp-block-cover-is-layout-flow\">\n<h1 class=\"wp-block-heading alignwide has-text-align-center has-h-3-font-size\">Music and Movement<\/h1>\n\n\n\n<p><\/p>\n<\/div><\/div>\n\n\n\n<div class=\"wp-block-group alignfull\"><div class=\"wp-block-group__inner-container is-layout-flow wp-block-group-is-layout-flow\">\n<p class=\"has-text-align-center tw-text-wide\">Eurythmic-musical education \u2013 also called Eurythmics \u2013 originates from music education.<br>Emile Jaques-Dalcroeze founded eurythmics at the beginning of the 20th century.\nAs a subject it is an essential characteristic of human beings, music and movement.\nIn eurythmics, musical and motor skills are tested with the aim of promoting educational competences that sensitize perception and promote social behaviour while expressing creativity. <br>Music and movement is used as a means to develop educational skills on the one hand and as content to learn different skills on the other.<\/p>\n\n\n\n<p class=\"has-text-align-center tw-text-wide\"><strong>These skills refer to:<br><\/strong>- gross and fine motor skills<br>- physical reactions<br>- perceptual awareness<br>- posture training<br>- movement<br>- improvising with voice and with different instruments <br>- spatial skills, e.g., orientation<br>- learning temporal skills such as fostering a sense of rhythm<br>- structure music and movement in time<br>- acquiring dynamic skills,<br>- developing reaction and coordination skills<br>- formal skills such as structure in music and movement<br>- recognizing voice and material, being able to name them, learning to shape and reflect on them&nbsp;<\/p>\n\n\n\n<div class=\"wp-block-buttons is-horizontal is-content-justification-center is-layout-flex wp-container-core-buttons-is-layout-03627597 wp-block-buttons-is-layout-flex\">\n<div class=\"wp-block-button is-style-outline is-style-outline--1\"><a class=\"wp-block-button__link has-black-color has-white-background-color has-text-color has-background wp-element-button\" href=\"https:\/\/merle-thordis.com\/englisch\/kontakt\/\">Get in touch now<\/a><\/div>\n<\/div>\n<\/div><\/div>","protected":false},"excerpt":{"rendered":"<p>Rhythmisch-musikalische Erziehung \u2013 auch Rhythmik genannt \u2013 entstand aus der Musikerziehung.Emile Jaques-Dalcroeze begr\u00fcndete sie Anfang des 20. Jahrhunderts. Als Fach ist Rhythmik eine wesensbildende Eigenschaft von Mensch, Musik und Bewegung. In ihr werden musikalische sowie motorische F\u00e4higkeiten erprobt. Ziel ist es, solche Erziehungskompetenzen zu f\u00f6rdern, die die Wahrnehmung sensibilisieren, das Sozialverhalten f\u00f6rdern und Kreativit\u00e4t zum&hellip; <a class=\"more-link\" href=\"https:\/\/merle-thordis.com\/englisch\/musik-und-bewegung\">Continue reading <span class=\"screen-reader-text\">Music and Movement<\/span><\/a><\/p>","protected":false},"author":1,"featured_media":0,"parent":0,"menu_order":0,"comment_status":"closed","ping_status":"closed","template":"tw-header-transparent-light.php","meta":{"footnotes":""},"class_list":["post-88","page","type-page","status-publish","hentry","entry"],"_links":{"self":[{"href":"https:\/\/merle-thordis.com\/englisch\/wp-json\/wp\/v2\/pages\/88","targetHints":{"allow":["GET"]}}],"collection":[{"href":"https:\/\/merle-thordis.com\/englisch\/wp-json\/wp\/v2\/pages"}],"about":[{"href":"https:\/\/merle-thordis.com\/englisch\/wp-json\/wp\/v2\/types\/page"}],"author":[{"embeddable":true,"href":"https:\/\/merle-thordis.com\/englisch\/wp-json\/wp\/v2\/users\/1"}],"replies":[{"embeddable":true,"href":"https:\/\/merle-thordis.com\/englisch\/wp-json\/wp\/v2\/comments?post=88"}],"version-history":[{"count":16,"href":"https:\/\/merle-thordis.com\/englisch\/wp-json\/wp\/v2\/pages\/88\/revisions"}],"predecessor-version":[{"id":935,"href":"https:\/\/merle-thordis.com\/englisch\/wp-json\/wp\/v2\/pages\/88\/revisions\/935"}],"wp:attachment":[{"href":"https:\/\/merle-thordis.com\/englisch\/wp-json\/wp\/v2\/media?parent=88"}],"curies":[{"name":"wp","href":"https:\/\/api.w.org\/{rel}","templated":true}]}}