{"id":90,"date":"2021-08-20T15:57:39","date_gmt":"2021-08-20T15:57:39","guid":{"rendered":"https:\/\/dev.merle-thordis.com\/?page_id=90"},"modified":"2026-04-15T22:06:42","modified_gmt":"2026-04-15T22:06:42","slug":"tanzpaedagogik","status":"publish","type":"page","link":"https:\/\/merle-thordis.com\/englisch\/tanzpaedagogik","title":{"rendered":"Dance Lessons"},"content":{"rendered":"<div class=\"wp-block-cover alignfull is-light\" style=\"min-height:211px;aspect-ratio:unset;\"><span aria-hidden=\"true\" class=\"wp-block-cover__background has-background-dim-100 has-background-dim\" style=\"background-color:#ccd0d2\"><\/span><div class=\"wp-block-cover__inner-container is-layout-flow wp-block-cover-is-layout-flow\">\n<h1 class=\"wp-block-heading alignwide has-text-align-center has-h-3-font-size\">Dance Lessons<\/h1>\n<\/div><\/div>\n\n\n\n<div class=\"wp-block-group alignfull\"><div class=\"wp-block-group__inner-container is-layout-flow wp-block-group-is-layout-flow\">\n<p class=\"has-text-align-center tw-text-wide\">\u2028At the age of four Merle received preparatory lessons in classical ballet. Since then they has continued to dance.&nbsp;<br>Through regular participations in classes and workshops at home and abroad in different styles, they continues to work on her own dance language and works freelance in various artistic projects. <br>Merle's preference for collaborative artistic projects and group work also becomes apparentin her work in Germany and abroad, where they has successfully worked with people \u2013 both adults and children \u2013 in very different roles. \u2028\u2028\u2028 <br><em><br><\/em>When they started teaching at the age of 15, they early on noticed that they does not only enjoy it very much themselves, but also the people with whom they shares their passion.<\/p>\n\n\n\n<p class=\"has-text-align-center tw-text-wide\"><strong>MERLES LESSONS INCLUDE:<\/strong><br>- Movement improvisation<br>- elementary kinematics<br>- Play development\/assistance in theater and dance projects<br>&#8211; Performance<\/p>\n\n\n\n<div class=\"wp-block-buttons is-horizontal is-content-justification-center is-layout-flex wp-container-core-buttons-is-layout-03627597 wp-block-buttons-is-layout-flex\">\n<div class=\"wp-block-button is-style-outline is-style-outline--1\"><a class=\"wp-block-button__link has-black-color has-white-background-color has-text-color has-background wp-element-button\" href=\"https:\/\/merle-thordis.com\/englisch\/kontakt\/\">Get in touch now<\/a><\/div>\n<\/div>\n<\/div><\/div>","protected":false},"excerpt":{"rendered":"<p>Bereits mit vier Jahren erhielt Merle vorbereitenden Unterricht zum klassischen Ballett, seither ist xier untrennbar mit dem Tanzen verbunden.&nbsp;Durch regelm\u00e4\u00dfige Fortbildungen, Teilnahme an Unterrichtsstunden und Workshops im In- und Ausland in unterschiedlichen Stilen, arbeitet xier weiterhin an der eigenen t\u00e4nzerischen Sprache und wirkt freiberuflich in vielen k\u00fcnstlerischen Projekten mit. Merles Vorliebe f\u00fcr k\u00fcnstlerische Gemeinschaftsprojekte und&hellip; <a class=\"more-link\" href=\"https:\/\/merle-thordis.com\/englisch\/tanzpaedagogik\">Continue reading <span class=\"screen-reader-text\">Dance Lessons<\/span><\/a><\/p>","protected":false},"author":1,"featured_media":0,"parent":0,"menu_order":0,"comment_status":"closed","ping_status":"closed","template":"tw-header-transparent-light.php","meta":{"footnotes":""},"class_list":["post-90","page","type-page","status-publish","hentry","entry"],"_links":{"self":[{"href":"https:\/\/merle-thordis.com\/englisch\/wp-json\/wp\/v2\/pages\/90","targetHints":{"allow":["GET"]}}],"collection":[{"href":"https:\/\/merle-thordis.com\/englisch\/wp-json\/wp\/v2\/pages"}],"about":[{"href":"https:\/\/merle-thordis.com\/englisch\/wp-json\/wp\/v2\/types\/page"}],"author":[{"embeddable":true,"href":"https:\/\/merle-thordis.com\/englisch\/wp-json\/wp\/v2\/users\/1"}],"replies":[{"embeddable":true,"href":"https:\/\/merle-thordis.com\/englisch\/wp-json\/wp\/v2\/comments?post=90"}],"version-history":[{"count":18,"href":"https:\/\/merle-thordis.com\/englisch\/wp-json\/wp\/v2\/pages\/90\/revisions"}],"predecessor-version":[{"id":934,"href":"https:\/\/merle-thordis.com\/englisch\/wp-json\/wp\/v2\/pages\/90\/revisions\/934"}],"wp:attachment":[{"href":"https:\/\/merle-thordis.com\/englisch\/wp-json\/wp\/v2\/media?parent=90"}],"curies":[{"name":"wp","href":"https:\/\/api.w.org\/{rel}","templated":true}]}}